{"id":25,"date":"2020-05-23T16:10:14","date_gmt":"2020-05-23T16:10:14","guid":{"rendered":"https:\/\/alu-dosen.ch\/?page_id=25"},"modified":"2020-10-19T13:23:26","modified_gmt":"2020-10-19T13:23:26","slug":"easy-to-go","status":"publish","type":"page","link":"https:\/\/alu-dosen.ch\/?page_id=25","title":{"rendered":"your canning line"},"content":{"rendered":"<h2 style=\"text-align: center;\"><\/h2>\n<h2><span style=\"font-family: Bungee Inline; font-size: 14pt;\"><span style=\"font-size: 18pt;\">Starte deine Canning Line &#8211; Jetzt &#8211; hier. <\/span><\/span><\/h2>\n<p>&nbsp;<\/p>\n<p><iframe title=\"www.Alu-Dosen.ch\" width=\"696\" height=\"392\" src=\"https:\/\/www.youtube.com\/embed\/dpfITWjpqCk?feature=oembed\" frameborder=\"0\" allow=\"accelerometer; autoplay; clipboard-write; encrypted-media; gyroscope; picture-in-picture\" allowfullscreen><\/iframe><\/p>\n<p>&nbsp;<\/p>\n<p><span style=\"font-family: helvetica;\">Um die Dosen zu verschliessen brauchst du einen Verschliesser. Der Rest funktioniert genau gleich wie mit den Glasflaschen. Auch &#8222;Doseng\u00e4rung&#8220; ist m\u00f6glich.<\/span><\/p>\n<p><span style=\"font-family: helvetica;\"><a href=\"https:\/\/alu-dosen.ch\/?page_id=79\">Hier kannst du mehr lesen.<\/a><\/span><\/p>\n<p><span style=\"font-family: helvetica;\">Falls du kontaktiert werden m\u00f6chtest:<br \/>\n<\/span><\/p>\n<p><span style=\"font-family: helvetica; font-size: 12pt;\">\n<div class=\"wpcf7 no-js\" id=\"wpcf7-f111-o1\" lang=\"de-DE\" dir=\"ltr\">\n<div class=\"screen-reader-response\"><p role=\"status\" aria-live=\"polite\" aria-atomic=\"true\"><\/p> <ul><\/ul><\/div>\n<form action=\"\/index.php?rest_route=%2Fwp%2Fv2%2Fpages%2F25#wpcf7-f111-o1\" method=\"post\" class=\"wpcf7-form init\" aria-label=\"Kontaktformular\" novalidate=\"novalidate\" data-status=\"init\">\n<div style=\"display: none;\">\n<input type=\"hidden\" name=\"_wpcf7\" value=\"111\" \/>\n<input type=\"hidden\" name=\"_wpcf7_version\" value=\"5.7.7\" \/>\n<input type=\"hidden\" name=\"_wpcf7_locale\" value=\"de_DE\" \/>\n<input type=\"hidden\" name=\"_wpcf7_unit_tag\" value=\"wpcf7-f111-o1\" \/>\n<input type=\"hidden\" name=\"_wpcf7_container_post\" value=\"0\" \/>\n<input type=\"hidden\" name=\"_wpcf7_posted_data_hash\" value=\"\" \/>\n<input type=\"hidden\" name=\"_wpcf7_recaptcha_response\" value=\"\" \/>\n<\/div>\n<p><label> Vorname und Name (Pflichtfeld)<br \/>\n<span class=\"wpcf7-form-control-wrap\" data-name=\"your-name\"><input size=\"40\" class=\"wpcf7-form-control wpcf7-text wpcf7-validates-as-required\" aria-required=\"true\" aria-invalid=\"false\" value=\"\" type=\"text\" name=\"your-name\" \/><\/span> <\/label>\n<\/p>\n<p><label> Deine E-Mail-Adresse (Pflichtfeld)<br \/>\n<span class=\"wpcf7-form-control-wrap\" data-name=\"your-email\"><input size=\"40\" class=\"wpcf7-form-control wpcf7-text wpcf7-email wpcf7-validates-as-required wpcf7-validates-as-email\" aria-required=\"true\" aria-invalid=\"false\" value=\"\" type=\"email\" name=\"your-email\" \/><\/span> <\/label>\n<\/p>\n<p><label> Ich m\u00f6chte Infos zur eigenen Canning-line in meiner Brauerei <\/label><br \/>\n<span class=\"wpcf7-form-control-wrap\" data-name=\"IchmchteinfoszurCanning-line\"><span class=\"wpcf7-form-control wpcf7-checkbox\"><span class=\"wpcf7-list-item first\"><label><input type=\"checkbox\" name=\"IchmchteinfoszurCanning-line[]\" value=\"Nehmt mit mir Kontakt auf.\" \/><span class=\"wpcf7-list-item-label\">Nehmt mit mir Kontakt auf.<\/span><\/label><\/span><span class=\"wpcf7-list-item last\"><label><input type=\"checkbox\" name=\"IchmchteinfoszurCanning-line[]\" value=\"Schickt mir lieber gleich eine Offerte.\" \/><span class=\"wpcf7-list-item-label\">Schickt mir lieber gleich eine Offerte.<\/span><\/label><\/span><\/span><\/span>\n<\/p>\n<p><label> Bemerkungen und Fragen<br \/>\n<span class=\"wpcf7-form-control-wrap\" data-name=\"BemerkungenCanning-Line\"><textarea cols=\"40\" rows=\"10\" class=\"wpcf7-form-control wpcf7-textarea\" aria-invalid=\"false\" name=\"BemerkungenCanning-Line\"><\/textarea><\/span> <\/label>\n<\/p>\n<p><input class=\"wpcf7-form-control has-spinner wpcf7-submit\" type=\"submit\" value=\"Offerte anfordern\" \/>\n<\/p><div class=\"wpcf7-response-output\" aria-hidden=\"true\"><\/div>\n<\/form>\n<\/div>\n<\/span><\/p>\n<p style=\"text-align: left;\">\n","protected":false},"excerpt":{"rendered":"<p>Starte deine Canning Line &#8211; Jetzt &#8211; hier. &nbsp; &nbsp; Um die Dosen zu verschliessen brauchst du einen Verschliesser. Der Rest funktioniert genau gleich wie mit den Glasflaschen. Auch &#8222;Doseng\u00e4rung&#8220; ist m\u00f6glich. Hier kannst du mehr lesen. Falls du kontaktiert werden m\u00f6chtest:<\/p>\n","protected":false},"author":1,"featured_media":0,"parent":0,"menu_order":0,"comment_status":"closed","ping_status":"closed","template":"","meta":[],"_links":{"self":[{"href":"https:\/\/alu-dosen.ch\/index.php?rest_route=\/wp\/v2\/pages\/25"}],"collection":[{"href":"https:\/\/alu-dosen.ch\/index.php?rest_route=\/wp\/v2\/pages"}],"about":[{"href":"https:\/\/alu-dosen.ch\/index.php?rest_route=\/wp\/v2\/types\/page"}],"author":[{"embeddable":true,"href":"https:\/\/alu-dosen.ch\/index.php?rest_route=\/wp\/v2\/users\/1"}],"replies":[{"embeddable":true,"href":"https:\/\/alu-dosen.ch\/index.php?rest_route=%2Fwp%2Fv2%2Fcomments&post=25"}],"version-history":[{"count":33,"href":"https:\/\/alu-dosen.ch\/index.php?rest_route=\/wp\/v2\/pages\/25\/revisions"}],"predecessor-version":[{"id":324,"href":"https:\/\/alu-dosen.ch\/index.php?rest_route=\/wp\/v2\/pages\/25\/revisions\/324"}],"wp:attachment":[{"href":"https:\/\/alu-dosen.ch\/index.php?rest_route=%2Fwp%2Fv2%2Fmedia&parent=25"}],"curies":[{"name":"wp","href":"https:\/\/api.w.org\/{rel}","templated":true}]}}