{"id":2,"date":"2020-05-23T12:41:13","date_gmt":"2020-05-23T12:41:13","guid":{"rendered":"https:\/\/alu-dosen.ch\/?page_id=2"},"modified":"2021-01-11T10:16:51","modified_gmt":"2021-01-11T10:16:51","slug":"sample-page","status":"publish","type":"page","link":"https:\/\/alu-dosen.ch\/","title":{"rendered":"Dosen f\u00fcr dich!  &#8211; in der Schweiz CH"},"content":{"rendered":"<p style=\"text-align: center;\"><span style=\"font-family: helvetica;\"><a class=\"fasc-button fasc-size-xlarge fasc-type-glossy fasc-rounded-medium ico-fa fasc-ico-before fa-hand-o-right fasc-style-bold\" style=\"background-color: #f71616; color: #fffafa;\" href=\"https:\/\/alu-dosen.ch\/?page_id=6\">Dosen bestellen<\/a><\/span><\/p>\n<p><img fetchpriority=\"high\" decoding=\"async\" class=\"size-full wp-image-57 aligncenter\" src=\"https:\/\/alu-dosen.ch\/wp-content\/uploads\/2020\/05\/WhatsApp-Image-2020-05-23-at-21.26.325-e1590398230290.jpeg\" alt=\"\" width=\"976\" height=\"834\" srcset=\"https:\/\/alu-dosen.ch\/wp-content\/uploads\/2020\/05\/WhatsApp-Image-2020-05-23-at-21.26.325-e1590398230290.jpeg 976w, https:\/\/alu-dosen.ch\/wp-content\/uploads\/2020\/05\/WhatsApp-Image-2020-05-23-at-21.26.325-e1590398230290-300x256.jpeg 300w, https:\/\/alu-dosen.ch\/wp-content\/uploads\/2020\/05\/WhatsApp-Image-2020-05-23-at-21.26.325-e1590398230290-768x656.jpeg 768w\" sizes=\"(max-width: 976px) 100vw, 976px\" \/><\/p>\n<ul>\n<li><span style=\"font-size: 12pt; font-family: helvetica;\">Als einziger Anbieter sind unsere Dosen auf Paletten von <strong>144cm H\u00f6he<\/strong> palletiert.<br \/>\n<\/span><\/li>\n<li><span style=\"font-size: 12pt; font-family: helvetica;\">3960 Dosen f\u00fcr 1300 Liter Bier pro Palette.<\/span><\/li>\n<li><span style=\"font-size: 12pt; font-family: helvetica;\">F\u00fcr Selbstabholer ist nun damit das Verladen in Kleintransporter bequem und unkompliziert. <\/span><\/li>\n<li><span style=\"font-size: 12pt; font-family: helvetica;\">Unsere Dosen kann man zentral in der Schweiz abholen.<br \/>\n<\/span><\/li>\n<\/ul>\n<p style=\"text-align: center;\">&nbsp;<\/p>\n<p style=\"text-align: center;\"><span style=\"font-family: helvetica;\"><a class=\"fasc-button fasc-size-xlarge fasc-type-glossy fasc-rounded-medium ico-fa fasc-ico-before fa-hand-o-right fasc-style-bold\" style=\"background-color: #f71616; color: #fffafa;\" href=\"https:\/\/alu-dosen.ch\/?page_id=66\">Mehr Information zu unseren Dosen findest du hier<\/a><\/span><\/p>\n","protected":false},"excerpt":{"rendered":"<p>Dosen bestellen Als einziger Anbieter sind unsere Dosen auf Paletten von 144cm H\u00f6he palletiert. 3960 Dosen f\u00fcr 1300 Liter Bier pro Palette. F\u00fcr Selbstabholer ist nun damit das Verladen in Kleintransporter bequem und unkompliziert. Unsere Dosen kann man zentral in der Schweiz abholen. &nbsp; Mehr Information zu unseren Dosen findest du hier<\/p>\n","protected":false},"author":1,"featured_media":0,"parent":0,"menu_order":0,"comment_status":"closed","ping_status":"closed","template":"","meta":[],"_links":{"self":[{"href":"https:\/\/alu-dosen.ch\/index.php?rest_route=\/wp\/v2\/pages\/2"}],"collection":[{"href":"https:\/\/alu-dosen.ch\/index.php?rest_route=\/wp\/v2\/pages"}],"about":[{"href":"https:\/\/alu-dosen.ch\/index.php?rest_route=\/wp\/v2\/types\/page"}],"author":[{"embeddable":true,"href":"https:\/\/alu-dosen.ch\/index.php?rest_route=\/wp\/v2\/users\/1"}],"replies":[{"embeddable":true,"href":"https:\/\/alu-dosen.ch\/index.php?rest_route=%2Fwp%2Fv2%2Fcomments&post=2"}],"version-history":[{"count":39,"href":"https:\/\/alu-dosen.ch\/index.php?rest_route=\/wp\/v2\/pages\/2\/revisions"}],"predecessor-version":[{"id":326,"href":"https:\/\/alu-dosen.ch\/index.php?rest_route=\/wp\/v2\/pages\/2\/revisions\/326"}],"wp:attachment":[{"href":"https:\/\/alu-dosen.ch\/index.php?rest_route=%2Fwp%2Fv2%2Fmedia&parent=2"}],"curies":[{"name":"wp","href":"https:\/\/api.w.org\/{rel}","templated":true}]}}